{"id":7,"date":"2018-05-21T05:54:48","date_gmt":"2018-05-21T05:54:48","guid":{"rendered":"http:\/\/lmsdemo.loc\/dark-lms\/?page_id=7"},"modified":"2025-07-22T13:36:52","modified_gmt":"2025-07-22T18:36:52","slug":"home","status":"publish","type":"page","link":"https:\/\/medictraining.org\/demo\/","title":{"rendered":"Front Page"},"content":{"rendered":"<div class=\"wpb-content-wrapper\"><p>[vc_section][vc_row full_width=&#8221;stretch_row&#8221; css=&#8221;.vc_custom_1533212815385{margin-bottom: 0px !important;}&#8221;][vc_column][rev_slider_vc alias=&#8221;lms-slider&#8221;][\/vc_column][\/vc_row][vc_row][vc_column css_animation=&#8221;fadeInUp&#8221; css=&#8221;.vc_custom_1533019572932{margin-top: -310px !important;}&#8221; offset=&#8221;vc_col-lg-4 vc_col-md-4 vc_hidden-sm vc_hidden-xs&#8221;][stm_icon_box title_holder=&#8221;h4&#8243; hover_pos=&#8221;top&#8221; icon=&#8221;stmlms-world&#8221; icon_size=&#8221;63&#8243; icon_align=&#8221;left&#8221; icon_color=&#8221;#ffffff&#8221; title=&#8221;Reconocimiento Internacional&#8221; css=&#8221;.vc_custom_1752991232365{padding-right: 0px !important;padding-bottom: 20px !important;padding-left: 0px !important;}&#8221; box_text_color=&#8221;#ffffff&#8221;]<span style=\"color: #ffffff;\">Nuestros cursos est\u00e1n avalados por instituciones m\u00e9dicas de prestigio y tienen validez en diversos pa\u00edses de Am\u00e9rica y Europa.<\/span>[\/stm_icon_box][\/vc_column][vc_column css_animation=&#8221;fadeInUp&#8221; width=&#8221;1\/3&#8243; css=&#8221;.vc_custom_1532945237953{margin-top: -310px !important;}&#8221; offset=&#8221;vc_hidden-sm vc_hidden-xs&#8221;][stm_icon_box title_holder=&#8221;h4&#8243; hover_pos=&#8221;top&#8221; icon=&#8221;stmlms-screen&#8221; icon_size=&#8221;63&#8243; icon_align=&#8221;left&#8221; icon_color=&#8221;#ffffff&#8221; title=&#8221;Aprendizaje 100% Online&#8221; css=&#8221;.vc_custom_1752991244103{padding-right: 0px !important;padding-bottom: 20px !important;padding-left: 0px !important;}&#8221; box_text_color=&#8221;#ffffff&#8221;]<span style=\"color: #ffffff;\">Capac\u00edtate a tu ritmo, con clases virtuales, material descargable y acceso permanente desde cualquier dispositivo.<\/span>[\/stm_icon_box][\/vc_column][vc_column css_animation=&#8221;fadeInUp&#8221; width=&#8221;1\/3&#8243; css=&#8221;.vc_custom_1532945243044{margin-top: -310px !important;}&#8221; offset=&#8221;vc_hidden-sm vc_hidden-xs&#8221;][stm_icon_box title_holder=&#8221;h4&#8243; hover_pos=&#8221;top&#8221; icon=&#8221;fa-icon-stm_icon_diploma_paper&#8221; icon_size=&#8221;63&#8243; icon_align=&#8221;left&#8221; icon_color=&#8221;#ffffff&#8221; title=&#8221;Certificaci\u00f3n R\u00e1pida y Profesional&#8221; css=&#8221;.vc_custom_1752991192307{padding-right: 0px !important;padding-bottom: 20px !important;padding-left: 0px !important;}&#8221; box_text_color=&#8221;#ffffff&#8221;]<span style=\"color: #ffffff;\">Obt\u00e9n tu certificado en menos de un a\u00f1o y mejora tu perfil cl\u00ednico con formaci\u00f3n intensiva y especializada.<\/span>[\/stm_icon_box][\/vc_column][\/vc_row][vc_row][vc_column][vc_empty_space height=&#8221;35px&#8221; mobile_height=&#8221;0&#8243;][\/vc_column][\/vc_row][\/vc_section][vc_row css=&#8221;.vc_custom_1435816078010{margin-bottom: 15px !important;}&#8221;][vc_column width=&#8221;1\/2&#8243;][vc_custom_heading text=&#8221;Bienvenido a Medictraining.org&#8221; use_theme_fonts=&#8221;yes&#8221; css=&#8221;.vc_custom_1753199927497{margin-bottom: 29px !important;}&#8221;][vc_column_text css=&#8221;.vc_custom_1753200224880{margin-bottom: 32px !important;}&#8221;]En <strong data-start=\"500\" data-end=\"521\">MedicTraining.org<\/strong> ofrecemos <strong data-start=\"532\" data-end=\"618\">cursos online especializados en Medicina Cr\u00edtica, Medicina Intensiva y Emergencias<\/strong>, dise\u00f1ados por profesionales en ejercicio y alineados con las \u00faltimas gu\u00edas internacionales.[\/vc_column_text][vc_custom_heading text=&#8221;\u00bfPor qu\u00e9 elegirnos?&#8221; font_container=&#8221;tag:h4|text_align:left&#8221; google_fonts=&#8221;font_family:Montserrat%3Aregular%2C700|font_style:400%20regular%3A400%3Anormal&#8221; css=&#8221;.vc_custom_1753200014607{margin-bottom: 20px !important;}&#8221;][stm_icon_box hover_pos=&#8221;none&#8221; icon=&#8221;far fa-fa fa-thumbs-up&#8221; icon_size=&#8221;15&#8243; icon_align=&#8221;left&#8221; icon_width=&#8221;13&#8243; icon_color=&#8221;#DD3333&#8243; box_text_color=&#8221;#555555&#8243; css=&#8221;.vc_custom_1753200040811{margin-bottom: 3px !important;padding-top: 0px !important;padding-right: 0px !important;padding-bottom: 0px !important;padding-left: 0px !important;}&#8221; css_icon=&#8221;.vc_custom_1753200040810{padding-left: 3px !important;}&#8221;]<\/p>\n<p data-start=\"744\" data-end=\"823\">Contenido <strong data-start=\"754\" data-end=\"799\">conciso, cl\u00ednico y directamente aplicable<\/strong> a tu pr\u00e1ctica diaria.<\/p>\n<p>[\/stm_icon_box][stm_icon_box hover_pos=&#8221;none&#8221; icon=&#8221;far fa-fa fa-thumbs-up&#8221; icon_size=&#8221;15&#8243; icon_align=&#8221;left&#8221; icon_width=&#8221;13&#8243; icon_color=&#8221;#DD3333&#8243; box_text_color=&#8221;#555555&#8243; css=&#8221;.vc_custom_1753200123663{margin-bottom: 3px !important;padding-top: 0px !important;padding-right: 0px !important;padding-bottom: 0px !important;padding-left: 0px !important;}&#8221; css_icon=&#8221;.vc_custom_1753200123662{padding-left: 3px !important;}&#8221;]<\/p>\n<p data-start=\"826\" data-end=\"910\">Modalidad 100% online: <strong data-start=\"849\" data-end=\"908\">sin horarios r\u00edgidos, sin desplazamientos, sin excusas.<\/strong><\/p>\n<p>[\/stm_icon_box][stm_icon_box hover_pos=&#8221;none&#8221; icon=&#8221;far fa-fa fa-thumbs-up&#8221; icon_size=&#8221;15&#8243; icon_align=&#8221;left&#8221; icon_width=&#8221;13&#8243; icon_color=&#8221;#DD3333&#8243; box_text_color=&#8221;#555555&#8243; css=&#8221;.vc_custom_1753200083914{padding-top: 0px !important;padding-right: 0px !important;padding-bottom: 0px !important;padding-left: 0px !important;}&#8221; css_icon=&#8221;.vc_custom_1753200083914{padding-left: 3px !important;}&#8221;]<\/p>\n<p data-start=\"913\" data-end=\"998\">Acceso inmediato, materiales descargables y <strong data-start=\"957\" data-end=\"996\">certificaci\u00f3n digital al finalizar.<\/strong><\/p>\n<p>[\/stm_icon_box][stm_icon_box hover_pos=&#8221;none&#8221; icon=&#8221;far fa-fa fa-thumbs-up&#8221; icon_size=&#8221;15&#8243; icon_align=&#8221;left&#8221; icon_width=&#8221;13&#8243; icon_color=&#8221;#DD3333&#8243; box_text_color=&#8221;#555555&#8243; css=&#8221;.vc_custom_1753200109631{padding-top: 0px !important;padding-right: 0px !important;padding-bottom: 0px !important;padding-left: 0px !important;}&#8221; css_icon=&#8221;.vc_custom_1753200109631{padding-left: 3px !important;}&#8221;]<\/p>\n<p data-start=\"1001\" data-end=\"1089\">Casos reales, simulaciones y algoritmos actualizados basados en AHA, ILCOR, ATS y m\u00e1s.<\/p>\n<p>[\/stm_icon_box][vc_column_text css=&#8221;.vc_custom_1753200137924{margin-bottom: 32px !important;}&#8221;]<\/p>\n<p data-start=\"1091\" data-end=\"1262\">Ya seas m\u00e9dico general, residente, especialista o profesional de enfermer\u00eda, aqu\u00ed encontrar\u00e1s <strong data-start=\"1185\" data-end=\"1237\">herramientas concretas para actuar con precisi\u00f3n<\/strong> en situaciones cr\u00edticas.<\/p>\n<p data-start=\"1264\" data-end=\"1375\">\ud83c\udf93 <strong data-start=\"1267\" data-end=\"1301\">Aprende. Entrena. Salva vidas.<\/strong><br data-start=\"1301\" data-end=\"1304\" \/>Descubre el curso que necesitas y lleva tu pr\u00e1ctica al siguiente nivel.<\/p>\n<p>[\/vc_column_text][\/vc_column][vc_column width=&#8221;1\/2&#8243;][vc_single_image image=&#8221;5231&#8243; img_size=&#8221;640&#215;560&#8243; css=&#8221;.vc_custom_1753200657387{margin-bottom: 69px !important;}&#8221;][\/vc_column][\/vc_row][vc_row full_width=&#8221;stretch_row&#8221; css=&#8221;.vc_custom_1753209408887{background-color: #FBFBFB !important;}&#8221;][vc_column][vc_empty_space height=&#8221;50px&#8221; mobile_height=&#8221;0&#8243;][vc_custom_heading text=&#8221;Navega entre nuestros cursos&#8221; font_container=&#8221;tag:h1|text_align:center&#8221; use_theme_fonts=&#8221;yes&#8221; css=&#8221;&#8221;][vc_empty_space height=&#8221;20px&#8221; mobile_height=&#8221;0&#8243;][stm_lms_courses_categories number=&#8221;8&#8243; style=&#8221;style_2&#8243; taxonomy=&#8221;86, 88, 87, 85, 86, 88&#8243;][vc_empty_space height=&#8221;76px&#8221; mobile_height=&#8221;0&#8243;][\/vc_column][\/vc_row][vc_row full_width=&#8221;stretch_row_content&#8221; css=&#8221;.vc_custom_1753199552286{margin-bottom: 0px !important;padding-top: 5px !important;background-color: #F1FCFF !important;}&#8221;][vc_column][vc_empty_space height=&#8221;75px&#8221; mobile_height=&#8221;25&#8243;][vc_custom_heading text=&#8221;\u00daLTIMOS CURSOS&#8221; font_container=&#8221;tag:h2|text_align:center&#8221; use_theme_fonts=&#8221;yes&#8221; css=&#8221;.vc_custom_1753070369235{margin-bottom: 44px !important;}&#8221;][stm_lms_recent_courses per_row=&#8221;4&#8243; style=&#8221;style_2&#8243; posts_per_page=&#8221;12&#8243;][vc_empty_space height=&#8221;75px&#8221; mobile_height=&#8221;40&#8243; tablet_height=&#8221;60&#8243;][\/vc_column][\/vc_row][vc_row full_width=&#8221;stretch_row&#8221; css=&#8221;.vc_custom_1532933967368{margin-bottom: 0px !important;background-color: #273044 !important;}&#8221; bg_pos=&#8221;50% 100%&#8221;][vc_column width=&#8221;1\/6&#8243;][\/vc_column][vc_column width=&#8221;2\/3&#8243;][vc_empty_space height=&#8221;90px&#8221; mobile_height=&#8221;30&#8243;][vc_custom_heading text=&#8221;Cursos Populares&#8221; font_container=&#8221;tag:h2|font_size:50|text_align:center|color:%23ffffff|line_height:50px&#8221; use_theme_fonts=&#8221;yes&#8221; css=&#8221;&#8221;][vc_custom_heading text=&#8221;Descubre los cursos m\u00e1s populares de Medictraining.org&#8221; font_container=&#8221;tag:h4|font_size:18|text_align:center|color:%23ffffff|line_height:28px&#8221; use_theme_fonts=&#8221;yes&#8221; css=&#8221;&#8221;][vc_empty_space height=&#8221;40px&#8221; mobile_height=&#8221;0&#8243;][\/vc_column][vc_column width=&#8221;1\/6&#8243;][\/vc_column][\/vc_row][vc_row full_width=&#8221;stretch_row_content&#8221; css=&#8221;.vc_custom_1532934202673{background-color: #273044 !important;}&#8221;][vc_column][stm_lms_courses_carousel pagination=&#8221;enable&#8221;][vc_empty_space height=&#8221;75px&#8221; mobile_height=&#8221;40&#8243; tablet_height=&#8221;70&#8243;][\/vc_column][\/vc_row][vc_row][vc_column][vc_empty_space height=&#8221;35px&#8221; mobile_height=&#8221;40&#8243; tablet_height=&#8221;70&#8243;][\/vc_column][\/vc_row][vc_row full_width=&#8221;stretch_row_content_no_spaces&#8221; css=&#8221;.vc_custom_1531830215765{margin-bottom: 0px !important;}&#8221;][vc_column width=&#8221;1\/6&#8243;][\/vc_column][vc_column width=&#8221;2\/3&#8243;][stm_testimonials style=&#8221;style_6&#8243; testimonials_slides_per_row=&#8221;2&#8243; testimonials_max_num=&#8221;4&#8243; testimonials_title=&#8221;Conf\u00edan en nuestros cursos&#8221;][\/vc_column][vc_column width=&#8221;1\/6&#8243;][\/vc_column][vc_column][vc_empty_space height=&#8221;75px&#8221; mobile_height=&#8221;40&#8243; tablet_height=&#8221;70&#8243;][\/vc_column][\/vc_row]<\/p>\n<\/div>","protected":false},"excerpt":{"rendered":"<p>[vc_section][vc_row full_width=&#8221;stretch_row&#8221; css=&#8221;.vc_custom_1533212815385{margin-bottom: 0px !important;}&#8221;][vc_column][rev_slider_vc alias=&#8221;lms-slider&#8221;][\/vc_column][\/vc_row][vc_row][vc_column css_animation=&#8221;fadeInUp&#8221; css=&#8221;.vc_custom_1533019572932{margin-top: -310px !important;}&#8221; offset=&#8221;vc_col-lg-4 vc_col-md-4 vc_hidden-sm vc_hidden-xs&#8221;][stm_icon_box title_holder=&#8221;h4&#8243; hover_pos=&#8221;top&#8221; icon=&#8221;stmlms-world&#8221; icon_size=&#8221;63&#8243; icon_align=&#8221;left&#8221; icon_color=&#8221;#ffffff&#8221; title=&#8221;Reconocimiento Internacional&#8221; css=&#8221;.vc_custom_1752991232365{padding-right: 0px !important;padding-bottom: 20px !important;padding-left: 0px !important;}&#8221; box_text_color=&#8221;#ffffff&#8221;]Nuestros cursos est\u00e1n avalados por instituciones m\u00e9dicas de prestigio y tienen validez en diversos pa\u00edses de Am\u00e9rica y Europa.[\/stm_icon_box][\/vc_column][vc_column css_animation=&#8221;fadeInUp&#8221; width=&#8221;1\/3&#8243; css=&#8221;.vc_custom_1532945237953{margin-top: -310px !important;}&#8221; offset=&#8221;vc_hidden-sm vc_hidden-xs&#8221;][stm_icon_box [&hellip;]<\/p>\n","protected":false},"author":1,"featured_media":0,"parent":0,"menu_order":0,"comment_status":"closed","ping_status":"closed","template":"","meta":{"pmpro_default_level":"","footnotes":""},"class_list":["post-7","page","type-page","status-publish","hentry","pmpro-has-access"],"_links":{"self":[{"href":"https:\/\/medictraining.org\/demo\/wp-json\/wp\/v2\/pages\/7","targetHints":{"allow":["GET"]}}],"collection":[{"href":"https:\/\/medictraining.org\/demo\/wp-json\/wp\/v2\/pages"}],"about":[{"href":"https:\/\/medictraining.org\/demo\/wp-json\/wp\/v2\/types\/page"}],"author":[{"embeddable":true,"href":"https:\/\/medictraining.org\/demo\/wp-json\/wp\/v2\/users\/1"}],"replies":[{"embeddable":true,"href":"https:\/\/medictraining.org\/demo\/wp-json\/wp\/v2\/comments?post=7"}],"version-history":[{"count":65,"href":"https:\/\/medictraining.org\/demo\/wp-json\/wp\/v2\/pages\/7\/revisions"}],"predecessor-version":[{"id":5247,"href":"https:\/\/medictraining.org\/demo\/wp-json\/wp\/v2\/pages\/7\/revisions\/5247"}],"wp:attachment":[{"href":"https:\/\/medictraining.org\/demo\/wp-json\/wp\/v2\/media?parent=7"}],"curies":[{"name":"wp","href":"https:\/\/api.w.org\/{rel}","templated":true}]}}